{"id":215,"date":"2022-07-10T12:48:23","date_gmt":"2022-07-10T15:48:23","guid":{"rendered":"http:\/\/seanav.uerjnaval.com\/?page_id=215"},"modified":"2023-05-18T00:23:51","modified_gmt":"2023-05-18T03:23:51","slug":"anais-da-i-seanav","status":"publish","type":"page","link":"http:\/\/seanav.uerjnaval.com\/index.php\/anais-da-i-seanav\/","title":{"rendered":"Anais da I SEANAV"},"content":{"rendered":"\t\t<div data-elementor-type=\"wp-page\" data-elementor-id=\"215\" class=\"elementor elementor-215\">\n\t\t\t\t\t\t<section class=\"elementor-section elementor-top-section elementor-element elementor-element-7b39e35 elementor-section-boxed elementor-section-height-default elementor-section-height-default\" data-id=\"7b39e35\" data-element_type=\"section\">\n\t\t\t\t\t\t<div class=\"elementor-container elementor-column-gap-default\">\n\t\t\t\t\t<div class=\"elementor-column elementor-col-100 elementor-top-column elementor-element elementor-element-df5e2c8\" data-id=\"df5e2c8\" data-element_type=\"column\">\n\t\t\t<div class=\"elementor-widget-wrap elementor-element-populated\">\n\t\t\t\t\t\t<div class=\"elementor-element elementor-element-8c1601b elementor-widget elementor-widget-text-editor\" data-id=\"8c1601b\" data-element_type=\"widget\" data-widget_type=\"text-editor.default\">\n\t\t\t\t<div class=\"elementor-widget-container\">\n\t\t\t\t\t\t\t<p>1\u00ba Edi\u00e7\u00e3o &#8211; Volume 1<\/p><p>Ano: 2021<\/p><p>ISSN: 2764-8605<\/p>\t\t\t\t\t\t<\/div>\n\t\t\t\t<\/div>\n\t\t\t\t<div class=\"elementor-element elementor-element-face6bb elementor-widget elementor-widget-heading\" data-id=\"face6bb\" data-element_type=\"widget\" data-widget_type=\"heading.default\">\n\t\t\t\t<div class=\"elementor-widget-container\">\n\t\t\t<h3 class=\"elementor-heading-title elementor-size-default\">Apresenta\u00e7\u00e3o<\/h3>\t\t<\/div>\n\t\t\t\t<\/div>\n\t\t\t\t<div class=\"elementor-element elementor-element-db00fc7 elementor-widget elementor-widget-text-editor\" data-id=\"db00fc7\" data-element_type=\"widget\" data-widget_type=\"text-editor.default\">\n\t\t\t\t<div class=\"elementor-widget-container\">\n\t\t\t\t\t\t\t<p>A primeira edi\u00e7\u00e3o da Semana Acad\u00eamica da Naval (SEANAV 2021) da Faculdade de Ci\u00eancias Exatas e Engenharias (FCEE) da Universidade Estadual do Rio de Janeiro Campus Zona Oeste (UERJ \u2013 ZO), realizada na modalidade on-line nos dias 19 e 20 de abril de 2021, \u00e9 fruto de esfor\u00e7os conjuntos de discentes e docentes do Curso Superior de Tecnologia em Constru\u00e7\u00e3o Naval da FCEE. O evento foi planejado visando atender \u00e0 comunidade acad\u00eamica, como: estudantes de p\u00f3s-gradua\u00e7\u00e3o e de gradua\u00e7\u00e3o, t\u00e9cnicos e professores da UERJ e aos profissionais do setor naval.<br \/>O objetivo principal do evento foi proporcionar a troca de experi\u00eancias entre discentes, docentes, profissionais e representantes de empresas, com a divulga\u00e7\u00e3o de pesquisas, exposi\u00e7\u00f5es de ideias e palestras sobre o setor naval. O tema central foi Constru\u00e7\u00e3o Naval: Tecnologias e Atualidades. Para o desenvolvimento do tema diferentes atividades foram realizadas tais como palestras e mostras de trabalhos dos programas de inicia\u00e7\u00e3o cient\u00edfica desenvolvidos na UERJ &#8211; ZO.<br \/>As atividades desta I edi\u00e7\u00e3o da Semana Acad\u00eamica da Naval (SEANAV 2021) envolveram mais de 200 participantes inscritos oriundos de diferentes institui\u00e7\u00f5es. Foram apresentados 4 trabalhos cient\u00edficos vinculados aos cursos de gradua\u00e7\u00e3o e p\u00f3s-gradua\u00e7\u00e3o da Institui\u00e7\u00e3o. Com a publica\u00e7\u00e3o dos anais do evento \u00e9 esperada a amplia\u00e7\u00e3o do conhecimento cient\u00edfico na \u00e1rea de Constru\u00e7\u00e3o Naval e Metalurgia em fun\u00e7\u00e3o da difus\u00e3o destas experi\u00eancias.<\/p><p>Comiss\u00e3o Organizadora<\/p>\t\t\t\t\t\t<\/div>\n\t\t\t\t<\/div>\n\t\t\t\t<div class=\"elementor-element elementor-element-1422531 elementor-widget elementor-widget-heading\" data-id=\"1422531\" data-element_type=\"widget\" data-widget_type=\"heading.default\">\n\t\t\t\t<div class=\"elementor-widget-container\">\n\t\t\t<h3 class=\"elementor-heading-title elementor-size-default\">Trabalhos<\/h3>\t\t<\/div>\n\t\t\t\t<\/div>\n\t\t\t\t<div class=\"elementor-element elementor-element-c9d6780 elementor-widget elementor-widget-text-editor\" data-id=\"c9d6780\" data-element_type=\"widget\" data-widget_type=\"text-editor.default\">\n\t\t\t\t<div class=\"elementor-widget-container\">\n\t\t\t\t\t\t\t<ol><li><a href=\"http:\/\/uerjnaval.com\/seanav\/files\/2021\/trabalho1.pdf\"><strong>Tintas epox\u00eddicas aditivadas com negro de fumo, par\u00e2metros WLF<\/strong><\/a><br \/><em>Alessandro Alves de Oliveira Junior, Lucas Matheus Pereira Silva de Souza, Alex da Silva Sirqueira<\/em><\/li><li><strong><a href=\"http:\/\/uerjnaval.com\/seanav\/files\/2021\/trabalho2.pdf\">A\u00e7os microligados para uso nos dep\u00f3sitos de diesel mar\u00edtimo, veicular e biodiesel<\/a><br \/><\/strong><em>Karolyna Gomes dos Santos, Neyda de La Caridad Om Tapanes, Ana Isabel de Carvalho Santana<\/em><\/li><li><strong><a href=\"http:\/\/uerjnaval.com\/seanav\/files\/2021\/trabalho3.pdf\">Reparo por solda em dutos de a\u00e7o x-60. an\u00e1lise das tens\u00f5es residuais<\/a><br \/><\/strong><em>Tetyana Gurova, Segen F. Estefen, Anatoli Leontiev, Heitor Werner da Silva, Lincoln S. Gomes,<\/em><br \/><em>Suzana B. Peripolli<\/em><\/li><li><strong><a href=\"http:\/\/uerjnaval.com\/seanav\/files\/2021\/trabalho4.pdf\">An\u00e1lise da introdu\u00e7\u00e3o de tens\u00e3o residual por polimento mec\u00e2nico em chapa de a\u00e7o naval DH36<\/a><br \/><\/strong><em>Jos\u00e9 William Lana, Heitor Werner da Silva, Tetyana Gurova<\/em><strong><br \/><\/strong><\/li><\/ol>\t\t\t\t\t\t<\/div>\n\t\t\t\t<\/div>\n\t\t\t\t<div class=\"elementor-element elementor-element-beac17a elementor-widget elementor-widget-text-editor\" data-id=\"beac17a\" data-element_type=\"widget\" data-widget_type=\"text-editor.default\">\n\t\t\t\t<div class=\"elementor-widget-container\">\n\t\t\t\t\t\t\t<p>Constru\u00e7\u00e3o Naval: Tecnologias e Atualidades<\/p><p>ISBN: 978-65-5941-724-7<\/p><p>Ano: 2021<\/p><p><strong><a href=\"http:\/\/seanav.uerjnaval.com\/files\/2021\/seanav_anais_2021.pdf\" target=\"_blank\" rel=\"noopener\"><span style=\"color: var( --e-global-color-text ); font-family: var( --e-global-typography-text-font-family ), Sans-serif;\">Anais &#8211;\u00a0<\/span>Download<\/a>\u00a0<\/strong><\/p>\t\t\t\t\t\t<\/div>\n\t\t\t\t<\/div>\n\t\t\t\t\t<\/div>\n\t\t<\/div>\n\t\t\t\t\t<\/div>\n\t\t<\/section>\n\t\t\t\t<\/div>\n\t\t","protected":false},"excerpt":{"rendered":"<p>1\u00ba Edi\u00e7\u00e3o &#8211; Volume 1 Ano: 2021 ISSN: 2764-8605 Apresenta\u00e7\u00e3o A primeira edi\u00e7\u00e3o da Semana Acad\u00eamica da Naval (SEANAV 2021) da Faculdade de Ci\u00eancias Exatas e Engenharias (FCEE) da Universidade Estadual do Rio de Janeiro Campus Zona Oeste (UERJ \u2013 ZO), realizada na modalidade on-line nos dias 19 e 20 de abril de 2021, \u00e9&hellip; <br \/> <a class=\"read-more\" href=\"http:\/\/seanav.uerjnaval.com\/index.php\/anais-da-i-seanav\/\">Read more<\/a><\/p>\n","protected":false},"author":1,"featured_media":0,"parent":0,"menu_order":0,"comment_status":"closed","ping_status":"closed","template":"","meta":{"om_disable_all_campaigns":false,"_monsterinsights_skip_tracking":false,"_monsterinsights_sitenote_active":false,"_monsterinsights_sitenote_note":"","_monsterinsights_sitenote_category":0,"footnotes":""},"aioseo_notices":[],"_links":{"self":[{"href":"http:\/\/seanav.uerjnaval.com\/index.php\/wp-json\/wp\/v2\/pages\/215"}],"collection":[{"href":"http:\/\/seanav.uerjnaval.com\/index.php\/wp-json\/wp\/v2\/pages"}],"about":[{"href":"http:\/\/seanav.uerjnaval.com\/index.php\/wp-json\/wp\/v2\/types\/page"}],"author":[{"embeddable":true,"href":"http:\/\/seanav.uerjnaval.com\/index.php\/wp-json\/wp\/v2\/users\/1"}],"replies":[{"embeddable":true,"href":"http:\/\/seanav.uerjnaval.com\/index.php\/wp-json\/wp\/v2\/comments?post=215"}],"version-history":[{"count":31,"href":"http:\/\/seanav.uerjnaval.com\/index.php\/wp-json\/wp\/v2\/pages\/215\/revisions"}],"predecessor-version":[{"id":533,"href":"http:\/\/seanav.uerjnaval.com\/index.php\/wp-json\/wp\/v2\/pages\/215\/revisions\/533"}],"wp:attachment":[{"href":"http:\/\/seanav.uerjnaval.com\/index.php\/wp-json\/wp\/v2\/media?parent=215"}],"curies":[{"name":"wp","href":"https:\/\/api.w.org\/{rel}","templated":true}]}}