{"id":236,"date":"2022-07-10T13:43:54","date_gmt":"2022-07-10T16:43:54","guid":{"rendered":"http:\/\/seanav.uerjnaval.com\/?page_id=236"},"modified":"2023-08-24T23:43:06","modified_gmt":"2023-08-25T02:43:06","slug":"contato","status":"publish","type":"page","link":"http:\/\/seanav.uerjnaval.com\/index.php\/contato\/","title":{"rendered":"Contato"},"content":{"rendered":"\t\t<div data-elementor-type=\"wp-page\" data-elementor-id=\"236\" class=\"elementor elementor-236\">\n\t\t\t\t\t\t<section class=\"elementor-section elementor-top-section elementor-element elementor-element-81293b7 elementor-section-boxed elementor-section-height-default elementor-section-height-default\" data-id=\"81293b7\" data-element_type=\"section\">\n\t\t\t\t\t\t<div class=\"elementor-container elementor-column-gap-default\">\n\t\t\t\t\t<div class=\"elementor-column elementor-col-100 elementor-top-column elementor-element elementor-element-bceec74\" data-id=\"bceec74\" data-element_type=\"column\">\n\t\t\t<div class=\"elementor-widget-wrap elementor-element-populated\">\n\t\t\t\t\t\t<div class=\"elementor-element elementor-element-096faa6 elementor-widget elementor-widget-heading\" data-id=\"096faa6\" data-element_type=\"widget\" data-widget_type=\"heading.default\">\n\t\t\t\t<div class=\"elementor-widget-container\">\n\t\t\t<h3 class=\"elementor-heading-title elementor-size-default\">Respons\u00e1vel<\/h3>\t\t<\/div>\n\t\t\t\t<\/div>\n\t\t\t\t\t<\/div>\n\t\t<\/div>\n\t\t\t\t\t<\/div>\n\t\t<\/section>\n\t\t\t\t<section class=\"elementor-section elementor-top-section elementor-element elementor-element-72c16c1 elementor-section-boxed elementor-section-height-default elementor-section-height-default\" data-id=\"72c16c1\" data-element_type=\"section\">\n\t\t\t\t\t\t<div class=\"elementor-container elementor-column-gap-default\">\n\t\t\t\t\t<div class=\"elementor-column elementor-col-100 elementor-top-column elementor-element elementor-element-a7493b4\" data-id=\"a7493b4\" data-element_type=\"column\">\n\t\t\t<div class=\"elementor-widget-wrap elementor-element-populated\">\n\t\t\t\t\t\t<div class=\"elementor-element elementor-element-6c74be0 elementor-widget elementor-widget-text-editor\" data-id=\"6c74be0\" data-element_type=\"widget\" data-widget_type=\"text-editor.default\">\n\t\t\t\t<div class=\"elementor-widget-container\">\n\t\t\t\t\t\t\t<p><span style=\"color: var( --e-global-color-text ); font-family: var( --e-global-typography-text-font-family ), Sans-serif; font-weight: var( --e-global-typography-text-font-weight );\">Universidade do Estado do Rio de Janeiro &#8211; Campus Zona Oeste<\/span><\/p><p>Curso Superior de Tecnologia em Constru\u00e7\u00e3o Naval da Faculdade de Ci\u00eancias Exatas e Engenharias &#8211; FCEE<\/p><p>Av. Manuel Caldeira de Alvarenga, 1203 \u2013 Campo Grande \u2013 CEP 23017-200 \u2013 Rio de Janeiro \u2013 RJ<\/p><p>E-mail institucional: fcee@uerj.br<\/p><p>E-mail do evento: seanav.uerj@gmail.com<\/p><p>Site do evento: www.seanav.uerjnaval.com<\/p><p>Site da FCEE: www.fcee.uerj.br<\/p>\t\t\t\t\t\t<\/div>\n\t\t\t\t<\/div>\n\t\t\t\t\t<\/div>\n\t\t<\/div>\n\t\t\t\t\t<\/div>\n\t\t<\/section>\n\t\t\t\t<\/div>\n\t\t","protected":false},"excerpt":{"rendered":"<p>Respons\u00e1vel Universidade do Estado do Rio de Janeiro &#8211; Campus Zona Oeste Curso Superior de Tecnologia em Constru\u00e7\u00e3o Naval da Faculdade de Ci\u00eancias Exatas e Engenharias &#8211; FCEE Av. Manuel Caldeira de Alvarenga, 1203 \u2013 Campo Grande \u2013 CEP 23017-200 \u2013 Rio de Janeiro \u2013 RJ E-mail institucional: fcee@uerj.br E-mail do evento: seanav.uerj@gmail.com Site do&hellip; <br \/> <a class=\"read-more\" href=\"http:\/\/seanav.uerjnaval.com\/index.php\/contato\/\">Read more<\/a><\/p>\n","protected":false},"author":1,"featured_media":0,"parent":0,"menu_order":0,"comment_status":"closed","ping_status":"closed","template":"","meta":{"om_disable_all_campaigns":false,"_monsterinsights_skip_tracking":false,"_monsterinsights_sitenote_active":false,"_monsterinsights_sitenote_note":"","_monsterinsights_sitenote_category":0,"footnotes":""},"aioseo_notices":[],"_links":{"self":[{"href":"http:\/\/seanav.uerjnaval.com\/index.php\/wp-json\/wp\/v2\/pages\/236"}],"collection":[{"href":"http:\/\/seanav.uerjnaval.com\/index.php\/wp-json\/wp\/v2\/pages"}],"about":[{"href":"http:\/\/seanav.uerjnaval.com\/index.php\/wp-json\/wp\/v2\/types\/page"}],"author":[{"embeddable":true,"href":"http:\/\/seanav.uerjnaval.com\/index.php\/wp-json\/wp\/v2\/users\/1"}],"replies":[{"embeddable":true,"href":"http:\/\/seanav.uerjnaval.com\/index.php\/wp-json\/wp\/v2\/comments?post=236"}],"version-history":[{"count":19,"href":"http:\/\/seanav.uerjnaval.com\/index.php\/wp-json\/wp\/v2\/pages\/236\/revisions"}],"predecessor-version":[{"id":615,"href":"http:\/\/seanav.uerjnaval.com\/index.php\/wp-json\/wp\/v2\/pages\/236\/revisions\/615"}],"wp:attachment":[{"href":"http:\/\/seanav.uerjnaval.com\/index.php\/wp-json\/wp\/v2\/media?parent=236"}],"curies":[{"name":"wp","href":"https:\/\/api.w.org\/{rel}","templated":true}]}}